{"id":10093,"date":"2024-03-08T01:47:31","date_gmt":"2024-03-08T01:47:31","guid":{"rendered":"https:\/\/fndw.thedev.ca\/?page_id=10093"},"modified":"2024-08-09T20:50:49","modified_gmt":"2024-08-09T20:50:49","slug":"informations-manquantes","status":"publish","type":"page","link":"https:\/\/firstnationsdrinkingwater.thedev.ca\/fr\/informations-manquantes\/","title":{"rendered":"Informations Manquantes"},"content":{"rendered":"<p><div class=\"fusion-fullwidth fullwidth-box fusion-builder-row-1 fusion-flex-container nonhundred-percent-fullwidth non-hundred-percent-height-scrolling\" style=\"--awb-border-radius-top-left:0px;--awb-border-radius-top-right:0px;--awb-border-radius-bottom-right:0px;--awb-border-radius-bottom-left:0px;--awb-background-color:#f2faff;--awb-flex-wrap:wrap;\" ><div class=\"fusion-builder-row fusion-row fusion-flex-align-items-flex-start fusion-flex-content-wrap\" style=\"max-width:1331.2px;margin-left: calc(-4% \/ 2 );margin-right: calc(-4% \/ 2 );\"><div class=\"fusion-layout-column fusion_builder_column fusion-builder-column-0 fusion_builder_column_1_1 1_1 fusion-flex-column\" style=\"--awb-bg-size:cover;--awb-width-large:100%;--awb-margin-top-large:30px;--awb-spacing-right-large:1.92%;--awb-margin-bottom-large:30px;--awb-spacing-left-large:1.92%;--awb-width-medium:100%;--awb-order-medium:0;--awb-spacing-right-medium:1.92%;--awb-spacing-left-medium:1.92%;--awb-width-small:100%;--awb-order-small:0;--awb-spacing-right-small:1.92%;--awb-spacing-left-small:1.92%;\"><div class=\"fusion-column-wrapper fusion-column-has-shadow fusion-flex-justify-content-flex-start fusion-content-layout-column\"><div class=\"fusion-title title fusion-title-1 fusion-sep-none fusion-title-text fusion-title-size-one\"><h1 class=\"fusion-title-heading title-heading-left fusion-responsive-typography-calculated\" style=\"margin:0;--fontSize:72;line-height:1.17;\">Informations Manquantes<\/h1><\/div><\/div><\/div><\/div><\/div><div class=\"fusion-fullwidth fullwidth-box fusion-builder-row-2 fusion-flex-container nonhundred-percent-fullwidth non-hundred-percent-height-scrolling\" style=\"--awb-border-radius-top-left:0px;--awb-border-radius-top-right:0px;--awb-border-radius-bottom-right:0px;--awb-border-radius-bottom-left:0px;--awb-flex-wrap:wrap;\" ><div class=\"fusion-builder-row fusion-row fusion-flex-align-items-flex-start fusion-flex-content-wrap\" style=\"max-width:1331.2px;margin-left: calc(-4% \/ 2 );margin-right: calc(-4% \/ 2 );\"><div class=\"fusion-layout-column fusion_builder_column fusion-builder-column-1 fusion_builder_column_1_1 1_1 fusion-flex-column\" style=\"--awb-bg-size:cover;--awb-width-large:100%;--awb-margin-top-large:0px;--awb-spacing-right-large:1.92%;--awb-margin-bottom-large:20px;--awb-spacing-left-large:1.92%;--awb-width-medium:100%;--awb-order-medium:0;--awb-spacing-right-medium:1.92%;--awb-spacing-left-medium:1.92%;--awb-width-small:100%;--awb-order-small:0;--awb-spacing-right-small:1.92%;--awb-spacing-left-small:1.92%;\"><div class=\"fusion-column-wrapper fusion-column-has-shadow fusion-flex-justify-content-flex-start fusion-content-layout-column\"><nav class=\"fusion-breadcrumbs fusion-breadcrumbs-1\" style=\"--awb-margin-top:30px;--awb-breadcrumb-sep:&#039;&gt;&#039;;\" aria-label=\"Breadcrumb\"><ol class=\"awb-breadcrumb-list\"><\/ol><\/nav><\/div><\/div><\/div><\/div><div class=\"fusion-fullwidth fullwidth-box fusion-builder-row-3 fusion-flex-container has-pattern-background has-mask-background nonhundred-percent-fullwidth non-hundred-percent-height-scrolling\" style=\"--awb-border-radius-top-left:0px;--awb-border-radius-top-right:0px;--awb-border-radius-bottom-right:0px;--awb-border-radius-bottom-left:0px;--awb-flex-wrap:wrap;\" ><div class=\"fusion-builder-row fusion-row fusion-flex-align-items-flex-start fusion-flex-content-wrap\" style=\"max-width:1331.2px;margin-left: calc(-4% \/ 2 );margin-right: calc(-4% \/ 2 );\"><div class=\"fusion-layout-column fusion_builder_column fusion-builder-column-2 fusion_builder_column_1_1 1_1 fusion-flex-column fusion-flex-align-self-flex-end\" style=\"--awb-bg-size:cover;--awb-width-large:100%;--awb-margin-top-large:0px;--awb-spacing-right-large:1.92%;--awb-margin-bottom-large:20px;--awb-spacing-left-large:1.92%;--awb-width-medium:100%;--awb-order-medium:0;--awb-spacing-right-medium:1.92%;--awb-spacing-left-medium:1.92%;--awb-width-small:100%;--awb-order-small:0;--awb-spacing-right-small:1.92%;--awb-spacing-left-small:1.92%;\"><div class=\"fusion-column-wrapper fusion-column-has-shadow fusion-flex-justify-content-flex-start fusion-content-layout-column\"><div class=\"fusion-text fusion-text-1\" style=\"--awb-line-height:1.5;\"><p>Certains formulaires de demande d\u2019indemnisation soumis par les demandeurs \u00e9taient incomplets. En cas d\u2019informations manquantes, l\u2019administrateur ne peut pas \u00e9valuer la demande. Cela peut entra\u00eener un retard dans la d\u00e9termination de l\u2019indemnisation et une d\u00e9cision d\u2019inadmissibilit\u00e9.<\/p>\n<\/div><div class=\"fusion-title title fusion-title-2 fusion-sep-none fusion-title-text fusion-title-size-two\" style=\"--awb-margin-bottom:5px;--awb-font-size:32px;\"><h2 class=\"fusion-title-heading title-heading-left fusion-responsive-typography-calculated\" style=\"margin:0;font-size:1em;--fontSize:32;line-height:1;\">Que dois-je faire si j\u2019ai re\u00e7u une lettre indiquant qu\u2019il manque des informations dans ma demande d\u2019indemnisation ?<\/h2><\/div><div class=\"fusion-text fusion-text-2\" style=\"--awb-line-height:1.5;\"><p>Si vous avez re\u00e7u une lettre de l'administrateur indiquant qu'il manque des informations \u00e0 votre demande, prenez le temps de l'examiner attentivement. La lettre indiquera exactement les informations manquantes dans votre formulaire de demande d'indemnisation et ce que vous devez faire pour compl\u00e9ter votre demande.<\/p>\n<p>Dans la plupart des cas, vous devrez soumettre \u00e0 nouveau un f<a href=\"https:\/\/firstnationsdrinkingwater.thedev.ca\/fr\/index.php\/formulaires-de-reclamation\/\">ormulaire de demande d'indemnisation<\/a> contenant les informations manquantes.<\/p>\n<p><span class=\"TextRun SCXW160680757 BCX0\" lang=\"EN-CA\" data-contrast=\"none\"><span class=\"NormalTextRun SCXW160680757 BCX0\">Si vous <\/span><span class=\"NormalTextRun SCXW160680757 BCX0\">avez des questions<\/span><span class=\"NormalTextRun SCXW160680757 BCX0\"> sur la marche \u00e0 suivre<\/span><span class=\"NormalTextRun SCXW160680757 BCX0\">, <\/span><span class=\"NormalTextRun SCXW160680757 BCX0\">veuillez <\/span><span class=\"NormalTextRun SCXW160680757 BCX0\">contacter<\/span><\/span><span class=\"TextRun Highlight SCXW160680757 BCX0\" lang=\"EN-CA\" data-contrast=\"none\"><span class=\"NormalTextRun SCXW160680757 BCX0\"> l'administrateur au <a href=\"tel:\/18332524220\">1-833-252-4220<\/a><\/span><span class=\"NormalTextRun SCXW160680757 BCX0\">.<\/span><\/span><span class=\"EOP SCXW160680757 BCX0\" data-ccp-props=\"\"> <\/span><\/p>\n<\/div><div class=\"fusion-title title fusion-title-3 fusion-sep-none fusion-title-text fusion-title-size-two\" style=\"--awb-margin-bottom:5px;--awb-font-size:32px;\"><h2 class=\"fusion-title-heading title-heading-left fusion-responsive-typography-calculated\" style=\"margin:0;font-size:1em;--fontSize:32;line-height:1;\"><b>Que se passe-t-il si je ne fournis pas les informations manquantes?<\/b>&nbsp;<\/h2><\/div><div class=\"fusion-text fusion-text-3\" style=\"--awb-line-height:1.5;\"><p>Si vous ne r\u00e9pondez pas dans les 90 jours \u00e0 la premi\u00e8re lettre indiquant qu\u2019il manque des informations \u00e0 votre demande, une seconde (et derni\u00e8re) lettre vous sera envoy\u00e9e. Vous aurez 90 jours suppl\u00e9mentaires pour y r\u00e9pondre. Si l\u2019administrateur ne re\u00e7oit pas de r\u00e9ponse d\u2019ici la fin des 90 jours, votre demande <strong>sera refus\u00e9e<\/strong> et vous ne pourrez pas pr\u00e9tendre \u00e0 une indemnisation. Selon l\u2019article 7.05 de la Convention de r\u00e8glement, vous ne pourrez pas faire appel de cette d\u00e9cision.  <\/p>\n<p>Si vous n\u2019\u00eates pas certain qu\u2019il manque des informations \u00e0 votre demande, veuillez communiquer avec l\u2019administrateur en appelant le <a href=\"tel:+18332524220\">1-833-252-4220.<\/a><\/p>\n<\/div><div class=\"fusion-title title fusion-title-4 fusion-sep-none fusion-title-text fusion-title-size-two\" style=\"--awb-margin-bottom:5px;--awb-font-size:32px;\"><h2 class=\"fusion-title-heading title-heading-left fusion-responsive-typography-calculated\" style=\"margin:0;font-size:1em;--fontSize:32;line-height:1;\">Que faire si je n\u2019ai pas re\u00e7u de lettre de d\u00e9cision ?<\/h2><\/div><div class=\"fusion-text fusion-text-4\" style=\"--awb-line-height:1.5;\"><p>Appelez l\u2019administrateur au 1-833-252-4220 pour v\u00e9rifier l\u2019\u00e9tat de votre demande. Il vous indiquera s\u2019il manque des informations et comment les soumettre.<\/p>\n<p>Appelez l\u2019administrateur au <a href=\"tel:\/18332524220\">1-833-252-4220<\/a> pour v\u00e9rifier l\u2019\u00e9tat de votre demande. Il vous indiquera s\u2019il manque des informations et comment les soumettre. Ils vous informeront si des informations sont manquantes et comment les soumettre.<\/p>\n<\/div><\/div><\/div><\/div><\/div><div class=\"fusion-fullwidth fullwidth-box fusion-builder-row-4 fusion-flex-container has-pattern-background has-mask-background nonhundred-percent-fullwidth non-hundred-percent-height-scrolling\" style=\"--awb-border-radius-top-left:0px;--awb-border-radius-top-right:0px;--awb-border-radius-bottom-right:0px;--awb-border-radius-bottom-left:0px;--awb-flex-wrap:wrap;\" ><div class=\"fusion-builder-row fusion-row fusion-flex-align-items-flex-start fusion-flex-content-wrap\" style=\"max-width:1331.2px;margin-left: calc(-4% \/ 2 );margin-right: calc(-4% \/ 2 );\"><div class=\"fusion-layout-column fusion_builder_column fusion-builder-column-3 fusion_builder_column_1_1 1_1 fusion-flex-column\" style=\"--awb-bg-size:cover;--awb-width-large:100%;--awb-margin-top-large:0px;--awb-spacing-right-large:1.92%;--awb-margin-bottom-large:20px;--awb-spacing-left-large:1.92%;--awb-width-medium:100%;--awb-order-medium:0;--awb-spacing-right-medium:1.92%;--awb-spacing-left-medium:1.92%;--awb-width-small:100%;--awb-order-small:0;--awb-spacing-right-small:1.92%;--awb-spacing-left-small:1.92%;\"><div class=\"fusion-column-wrapper fusion-column-has-shadow fusion-flex-justify-content-flex-start fusion-content-layout-column\"><div class=\"fusion-title title fusion-title-5 fusion-sep-none fusion-title-text fusion-title-size-two\"><h2 class=\"fusion-title-heading title-heading-left fusion-responsive-typography-calculated\" style=\"margin:0;--fontSize:54;line-height:1.11;\"><h2>Formulaires de r\u00e9clamation<\/h2><\/h2><\/div><div class=\"fusion-text fusion-text-5\" style=\"--awb-margin-top:-20px;\"><p>Vous pouvez remplir votre <a href=\"https:\/\/firstnationsdrinkingwater.thedev.ca\/fr\/index.php\/formulaires-de-reclamation\/\">formulaire de demande d\u2019indemnisation <\/a>en t\u00e9l\u00e9chargeant un PDF \u00e0 remplir que vous pouvez envoyer \u00e0 l\u2019administrateur de l\u2019une des mani\u00e8res suivantes : <\/p>\n<h5>Par courrier ordinaire<\/h5>\n<p>Recours collectif sur l\u2019eau potable<br \/>Administrateur des r\u00e9clamations, c\/o Deloitte<br \/>PO BOX 160 STN Adelaide<br \/>Toronto, ON, M5C 2J2, Canada<\/p>\n<h5>Ou par courriel<\/h5>\n<p><a href=\"mailto:firstnationswater@deloitte.ca\" target=\"_blank\" rel=\"noopener\">firstnationswater@deloitte.ca<\/a><\/p>\n<h5>Ou par t\u00e9l\u00e9copieur<\/h5>\n<p>647-738-5206<\/p>\n<\/div><div class=\"fusion-separator fusion-full-width-sep\" style=\"align-self: center;margin-left: auto;margin-right: auto;margin-top:50px;margin-bottom:50px;width:100%;\"><div class=\"fusion-separator-border sep-double\" style=\"--awb-height:20px;--awb-amount:20px;--awb-sep-color:#ffffff;border-color:#ffffff;border-top-width:0px;border-bottom-width:0px;\"><\/div><\/div><\/div><\/div><\/div><\/div><div class=\"fusion-fullwidth fullwidth-box fusion-builder-row-5 fusion-flex-container bg_image_container nonhundred-percent-fullwidth non-hundred-percent-height-scrolling fusion-custom-z-index\" style=\"--awb-border-radius-top-left:0px;--awb-border-radius-top-right:0px;--awb-border-radius-bottom-right:0px;--awb-border-radius-bottom-left:0px;--awb-z-index:0;--awb-flex-wrap:wrap;\" ><div class=\"fusion-builder-row fusion-row fusion-flex-align-items-flex-start fusion-flex-content-wrap\" style=\"max-width:1331.2px;margin-left: calc(-4% \/ 2 );margin-right: calc(-4% \/ 2 );\"><div class=\"fusion-layout-column fusion_builder_column fusion-builder-column-4 fusion_builder_column_1_1 1_1 fusion-flex-column\" style=\"--awb-bg-size:cover;--awb-width-large:100%;--awb-margin-top-large:0px;--awb-spacing-right-large:1.92%;--awb-margin-bottom-large:20px;--awb-spacing-left-large:1.92%;--awb-width-medium:100%;--awb-order-medium:0;--awb-spacing-right-medium:1.92%;--awb-spacing-left-medium:1.92%;--awb-width-small:100%;--awb-order-small:0;--awb-spacing-right-small:1.92%;--awb-spacing-left-small:1.92%;\"><div class=\"fusion-column-wrapper fusion-column-has-shadow fusion-flex-justify-content-flex-start fusion-content-layout-column\"><div class=\"fusion-image-element \" style=\"--awb-caption-title-font-family:var(--h2_typography-font-family);--awb-caption-title-font-weight:var(--h2_typography-font-weight);--awb-caption-title-font-style:var(--h2_typography-font-style);--awb-caption-title-size:var(--h2_typography-font-size);--awb-caption-title-transform:var(--h2_typography-text-transform);--awb-caption-title-line-height:var(--h2_typography-line-height);--awb-caption-title-letter-spacing:var(--h2_typography-letter-spacing);\"><span class=\" fusion-imageframe imageframe-none imageframe-1 hover-type-none\"><img decoding=\"async\" width=\"739\" height=\"739\" src=\"https:\/\/firstnationsdrinkingwater.thedev.ca\/wp-content\/uploads\/2022\/02\/Group-1082@2x.png\" data-orig-src=\"https:\/\/firstnationsdrinkingwater.thedev.ca\/wp-content\/uploads\/2022\/02\/Group-1082@2x.png\" alt class=\"lazyload img-responsive wp-image-3339\" srcset=\"data:image\/svg+xml,%3Csvg%20xmlns%3D%27http%3A%2F%2Fwww.w3.org%2F2000%2Fsvg%27%20width%3D%27739%27%20height%3D%27739%27%20viewBox%3D%270%200%20739%20739%27%3E%3Crect%20width%3D%27739%27%20height%3D%27739%27%20fill-opacity%3D%220%22%2F%3E%3C%2Fsvg%3E\" data-srcset=\"https:\/\/firstnationsdrinkingwater.thedev.ca\/wp-content\/uploads\/2022\/02\/Group-1082@2x-200x200.png 200w, https:\/\/firstnationsdrinkingwater.thedev.ca\/wp-content\/uploads\/2022\/02\/Group-1082@2x-400x400.png 400w, https:\/\/firstnationsdrinkingwater.thedev.ca\/wp-content\/uploads\/2022\/02\/Group-1082@2x-600x600.png 600w, https:\/\/firstnationsdrinkingwater.thedev.ca\/wp-content\/uploads\/2022\/02\/Group-1082@2x.png 739w\" data-sizes=\"auto\" data-orig-sizes=\"(max-width: 650px) 100vw, 739px\" \/><\/span><\/div><\/div><\/div><\/div><\/div><\/p>\n","protected":false},"excerpt":{"rendered":"","protected":false},"author":16,"featured_media":0,"parent":0,"menu_order":0,"comment_status":"closed","ping_status":"closed","template":"100-width.php","meta":{"inline_featured_image":false,"footnotes":"","_links_to":"","_links_to_target":""},"wf_page_folders":[],"class_list":["post-10093","page","type-page","status-publish","hentry"],"_links":{"self":[{"href":"https:\/\/firstnationsdrinkingwater.thedev.ca\/fr\/wp-json\/wp\/v2\/pages\/10093","targetHints":{"allow":["GET"]}}],"collection":[{"href":"https:\/\/firstnationsdrinkingwater.thedev.ca\/fr\/wp-json\/wp\/v2\/pages"}],"about":[{"href":"https:\/\/firstnationsdrinkingwater.thedev.ca\/fr\/wp-json\/wp\/v2\/types\/page"}],"author":[{"embeddable":true,"href":"https:\/\/firstnationsdrinkingwater.thedev.ca\/fr\/wp-json\/wp\/v2\/users\/16"}],"replies":[{"embeddable":true,"href":"https:\/\/firstnationsdrinkingwater.thedev.ca\/fr\/wp-json\/wp\/v2\/comments?post=10093"}],"version-history":[{"count":24,"href":"https:\/\/firstnationsdrinkingwater.thedev.ca\/fr\/wp-json\/wp\/v2\/pages\/10093\/revisions"}],"predecessor-version":[{"id":10714,"href":"https:\/\/firstnationsdrinkingwater.thedev.ca\/fr\/wp-json\/wp\/v2\/pages\/10093\/revisions\/10714"}],"wp:attachment":[{"href":"https:\/\/firstnationsdrinkingwater.thedev.ca\/fr\/wp-json\/wp\/v2\/media?parent=10093"}],"wp:term":[{"taxonomy":"wf_page_folders","embeddable":true,"href":"https:\/\/firstnationsdrinkingwater.thedev.ca\/fr\/wp-json\/wp\/v2\/wf_page_folders?post=10093"}],"curies":[{"name":"wp","href":"https:\/\/api.w.org\/{rel}","templated":true}]}}