{"id":5876,"date":"2022-06-02T15:51:34","date_gmt":"2022-06-02T15:51:34","guid":{"rendered":"https:\/\/firstnationsdrinkingwater.ca\/?page_id=5876"},"modified":"2024-04-16T11:19:58","modified_gmt":"2024-04-16T11:19:58","slug":"outil-devaluation-des-reclamations","status":"publish","type":"page","link":"https:\/\/firstnationsdrinkingwater.thedev.ca\/fr\/outil-devaluation-des-reclamations\/","title":{"rendered":"Outil d&rsquo;\u00e9valuation des r\u00e9clamations"},"content":{"rendered":"<p><div class=\"fusion-fullwidth fullwidth-box fusion-builder-row-1 fusion-flex-container nonhundred-percent-fullwidth non-hundred-percent-height-scrolling\" style=\"--awb-border-radius-top-left:0px;--awb-border-radius-top-right:0px;--awb-border-radius-bottom-right:0px;--awb-border-radius-bottom-left:0px;--awb-background-color:#f2faff;--awb-flex-wrap:wrap;\" ><div class=\"fusion-builder-row fusion-row fusion-flex-align-items-flex-start fusion-flex-content-wrap\" style=\"max-width:1331.2px;margin-left: calc(-4% \/ 2 );margin-right: calc(-4% \/ 2 );\"><div class=\"fusion-layout-column fusion_builder_column fusion-builder-column-0 fusion_builder_column_1_1 1_1 fusion-flex-column\" style=\"--awb-bg-size:cover;--awb-width-large:100%;--awb-margin-top-large:30px;--awb-spacing-right-large:1.92%;--awb-margin-bottom-large:30px;--awb-spacing-left-large:1.92%;--awb-width-medium:100%;--awb-order-medium:0;--awb-spacing-right-medium:1.92%;--awb-spacing-left-medium:1.92%;--awb-width-small:100%;--awb-order-small:0;--awb-spacing-right-small:1.92%;--awb-spacing-left-small:1.92%;\"><div class=\"fusion-column-wrapper fusion-column-has-shadow fusion-flex-justify-content-flex-start fusion-content-layout-column\"><div class=\"fusion-title title fusion-title-1 fusion-sep-none fusion-title-text fusion-title-size-one\"><h1 class=\"fusion-title-heading title-heading-left fusion-responsive-typography-calculated\" style=\"margin:0;--fontSize:72;line-height:1.17;\">Outil d&rsquo;\u00e9valuation des r\u00e9clamations<\/h1><\/div><\/div><\/div><\/div><\/div><div class=\"fusion-fullwidth fullwidth-box fusion-builder-row-2 fusion-flex-container nonhundred-percent-fullwidth non-hundred-percent-height-scrolling\" style=\"--awb-border-radius-top-left:0px;--awb-border-radius-top-right:0px;--awb-border-radius-bottom-right:0px;--awb-border-radius-bottom-left:0px;--awb-padding-top:30px;--awb-flex-wrap:wrap;\" ><div class=\"fusion-builder-row fusion-row fusion-flex-align-items-flex-start fusion-flex-content-wrap\" style=\"max-width:1331.2px;margin-left: calc(-4% \/ 2 );margin-right: calc(-4% \/ 2 );\"><div class=\"fusion-layout-column fusion_builder_column fusion-builder-column-1 fusion_builder_column_1_1 1_1 fusion-flex-column\" style=\"--awb-bg-size:cover;--awb-width-large:100%;--awb-margin-top-large:0px;--awb-spacing-right-large:1.92%;--awb-margin-bottom-large:20px;--awb-spacing-left-large:1.92%;--awb-width-medium:100%;--awb-order-medium:0;--awb-spacing-right-medium:1.92%;--awb-spacing-left-medium:1.92%;--awb-width-small:100%;--awb-order-small:0;--awb-spacing-right-small:1.92%;--awb-spacing-left-small:1.92%;\"><div class=\"fusion-column-wrapper fusion-column-has-shadow fusion-flex-justify-content-flex-start fusion-content-layout-column\"><div class=\"fusion-text fusion-text-1\" style=\"--awb-text-transform:none;\"><p><span class=\"TextRun SCXP103157956 BCX0\" lang=\"EN-US\" xml:lang=\"EN-US\" data-usefontface=\"true\" data-contrast=\"none\"><span class=\"NormalTextRun SCXP103157956 BCX0\">Nous avons cr\u00e9\u00e9 cet outil pour aider les membres des communaut\u00e9s des Premi\u00e8res Nations qui pourraient \u00eatre admissibles \u00e0 une indemnisation \u00e0 trouver le bon formulaire de r\u00e9clamation. Nous vous poserons une s\u00e9rie de questions, puis vous ferons des recommandations sur les prochaines \u00e9tapes pour vous aider au mieux dans votre parcours de traitement des r\u00e9clamations. Aucune information personnelle n&rsquo;est collect\u00e9e ou stock\u00e9e dans le cadre de cette \u00e9valuation.<\/span><\/span><\/p>\n<\/div><\/div><\/div><\/div><\/div><div class=\"fusion-fullwidth fullwidth-box fusion-builder-row-3 fusion-flex-container nonhundred-percent-fullwidth non-hundred-percent-height-scrolling\" style=\"--awb-border-radius-top-left:0px;--awb-border-radius-top-right:0px;--awb-border-radius-bottom-right:0px;--awb-border-radius-bottom-left:0px;--awb-padding-top:30px;--awb-flex-wrap:wrap;\" ><div class=\"fusion-builder-row fusion-row fusion-flex-align-items-flex-start fusion-flex-content-wrap\" style=\"max-width:1331.2px;margin-left: calc(-4% \/ 2 );margin-right: calc(-4% \/ 2 );\"><div class=\"fusion-layout-column fusion_builder_column fusion-builder-column-2 fusion_builder_column_1_2 1_2 fusion-flex-column\" style=\"--awb-bg-size:cover;--awb-width-large:50%;--awb-margin-top-large:0px;--awb-spacing-right-large:3.84%;--awb-margin-bottom-large:20px;--awb-spacing-left-large:3.84%;--awb-width-medium:50%;--awb-order-medium:0;--awb-spacing-right-medium:3.84%;--awb-spacing-left-medium:3.84%;--awb-width-small:100%;--awb-order-small:0;--awb-spacing-right-small:1.92%;--awb-spacing-left-small:1.92%;\"><div class=\"fusion-column-wrapper fusion-column-has-shadow fusion-flex-justify-content-flex-start fusion-content-layout-column\"><div class=\"fusion-image-element \" style=\"text-align:center;--awb-max-width:50px;--awb-caption-title-font-family:var(--h2_typography-font-family);--awb-caption-title-font-weight:var(--h2_typography-font-weight);--awb-caption-title-font-style:var(--h2_typography-font-style);--awb-caption-title-size:var(--h2_typography-font-size);--awb-caption-title-transform:var(--h2_typography-text-transform);--awb-caption-title-line-height:var(--h2_typography-line-height);--awb-caption-title-letter-spacing:var(--h2_typography-letter-spacing);\"><span class=\" fusion-imageframe imageframe-none imageframe-1 hover-type-none\"><img decoding=\"async\" width=\"198\" height=\"246\" src=\"data:image\/svg+xml,%3Csvg%20xmlns%3D%27http%3A%2F%2Fwww.w3.org%2F2000%2Fsvg%27%20width%3D%27198%27%20height%3D%27246%27%20viewBox%3D%270%200%20198%20246%27%3E%3Crect%20width%3D%27198%27%20height%3D%27246%27%20fill-opacity%3D%220%22%2F%3E%3C%2Fsvg%3E\" data-orig-src=\"https:\/\/firstnationsdrinkingwater.thedev.ca\/wp-content\/uploads\/2022\/02\/claim.png\" alt class=\"lazyload img-responsive wp-image-3570\"\/><\/span><\/div><div class=\"fusion-text fusion-text-2\" style=\"--awb-text-transform:none;\"><h4 style=\"text-align: center;\">\u00c9valuation individuelle<\/h4>\n<p style=\"text-align: center;\">\u00cates-vous un membre des Premi\u00e8res Nations qui est un adulte et cherchez-vous des informations sur la fa\u00e7on de faire un<br \/>\nr\u00e9clamer pour vous-m\u00eame?<\/p>\n<\/div><div style=\"text-align:center;\"><a class=\"fusion-button button-flat button-medium button-custom fusion-button-default button-1 fusion-button-default-span fusion-button-default-type btn\" style=\"--button_accent_color:#ffffff;--button_border_color:#033e8b;--button_accent_hover_color:#ffffff;--button_border_hover_color:#ffffff;--button-border-radius-top-left:10px;--button-border-radius-top-right:10px;--button-border-radius-bottom-right:10px;--button-border-radius-bottom-left:10px;--button_gradient_angle:0deg;--button_gradient_start:0%;--button_gradient_end:0%;--button_gradient_top_color:#033e8b;--button_gradient_bottom_color:#033e8b;--button_gradient_top_color_hover:#033e8b;--button_gradient_bottom_color_hover:#033e8b;\" target=\"_blank\" rel=\"noopener noreferrer\" href=\"https:\/\/argylepr.outgrow.us\/claims-assessment-individual-adult\"><span class=\"fusion-button-text awb-button__text awb-button__text--default\">Outil d\u2019\u00e9valuation des r\u00e9clamations \u2013 Individuel<\/span><\/a><\/div><\/div><\/div><div class=\"fusion-layout-column fusion_builder_column fusion-builder-column-3 fusion_builder_column_1_2 1_2 fusion-flex-column\" style=\"--awb-bg-size:cover;--awb-width-large:50%;--awb-margin-top-large:0px;--awb-spacing-right-large:3.84%;--awb-margin-bottom-large:20px;--awb-spacing-left-large:3.84%;--awb-width-medium:50%;--awb-order-medium:0;--awb-spacing-right-medium:3.84%;--awb-spacing-left-medium:3.84%;--awb-width-small:100%;--awb-order-small:0;--awb-spacing-right-small:1.92%;--awb-spacing-left-small:1.92%;\"><div class=\"fusion-column-wrapper fusion-column-has-shadow fusion-flex-justify-content-flex-start fusion-content-layout-column\"><div class=\"fusion-image-element \" style=\"text-align:center;--awb-max-width:50px;--awb-caption-title-font-family:var(--h2_typography-font-family);--awb-caption-title-font-weight:var(--h2_typography-font-weight);--awb-caption-title-font-style:var(--h2_typography-font-style);--awb-caption-title-size:var(--h2_typography-font-size);--awb-caption-title-transform:var(--h2_typography-text-transform);--awb-caption-title-line-height:var(--h2_typography-line-height);--awb-caption-title-letter-spacing:var(--h2_typography-letter-spacing);\"><span class=\" fusion-imageframe imageframe-none imageframe-2 hover-type-none\"><img decoding=\"async\" width=\"198\" height=\"246\" src=\"data:image\/svg+xml,%3Csvg%20xmlns%3D%27http%3A%2F%2Fwww.w3.org%2F2000%2Fsvg%27%20width%3D%27198%27%20height%3D%27246%27%20viewBox%3D%270%200%20198%20246%27%3E%3Crect%20width%3D%27198%27%20height%3D%27246%27%20fill-opacity%3D%220%22%2F%3E%3C%2Fsvg%3E\" data-orig-src=\"https:\/\/firstnationsdrinkingwater.thedev.ca\/wp-content\/uploads\/2022\/02\/claim.png\" alt class=\"lazyload img-responsive wp-image-3570\"\/><\/span><\/div><div class=\"fusion-text fusion-text-3\" style=\"--awb-text-transform:none;\"><h4 style=\"text-align: center;\">\u00c9valuation repr\u00e9sentative<\/h4>\n<p style=\"text-align: center;\">Vous cherchez des renseignements sur la fa\u00e7on de pr\u00e9senter une r\u00e9clamation au nom d\u2019un membre des Premi\u00e8res Nations qui n\u2019est pas majeur, qui a un repr\u00e9sentant l\u00e9galement nomm\u00e9 ou qui est d\u00e9c\u00e9d\u00e9?<\/p>\n<\/div><div style=\"text-align:center;\"><a class=\"fusion-button button-flat button-medium button-custom fusion-button-default button-2 fusion-button-default-span fusion-button-default-type btn\" style=\"--button_accent_color:#ffffff;--button_border_color:#033e8b;--button_accent_hover_color:#ffffff;--button_border_hover_color:#ffffff;--button-border-radius-top-left:10px;--button-border-radius-top-right:10px;--button-border-radius-bottom-right:10px;--button-border-radius-bottom-left:10px;--button_gradient_angle:0deg;--button_gradient_start:0%;--button_gradient_end:0%;--button_gradient_top_color:#033e8b;--button_gradient_bottom_color:#033e8b;--button_gradient_top_color_hover:#033e8b;--button_gradient_bottom_color_hover:#033e8b;\" target=\"_blank\" rel=\"noopener noreferrer\" href=\"https:\/\/argylepr.outgrow.us\/claims-assessment-tool-representative\"><span class=\"fusion-button-text awb-button__text awb-button__text--default\">Outil d\u2019\u00e9valuation des r\u00e9clamations \u2013 Repr\u00e9sentant<\/span><\/a><\/div><\/div><\/div><\/div><\/div>\n<\/p>\n","protected":false},"excerpt":{"rendered":"","protected":false},"author":3,"featured_media":0,"parent":0,"menu_order":0,"comment_status":"closed","ping_status":"closed","template":"100-width.php","meta":{"inline_featured_image":false,"footnotes":"","_links_to":"","_links_to_target":""},"wf_page_folders":[],"class_list":["post-5876","page","type-page","status-publish","hentry"],"_links":{"self":[{"href":"https:\/\/firstnationsdrinkingwater.thedev.ca\/fr\/wp-json\/wp\/v2\/pages\/5876","targetHints":{"allow":["GET"]}}],"collection":[{"href":"https:\/\/firstnationsdrinkingwater.thedev.ca\/fr\/wp-json\/wp\/v2\/pages"}],"about":[{"href":"https:\/\/firstnationsdrinkingwater.thedev.ca\/fr\/wp-json\/wp\/v2\/types\/page"}],"author":[{"embeddable":true,"href":"https:\/\/firstnationsdrinkingwater.thedev.ca\/fr\/wp-json\/wp\/v2\/users\/3"}],"replies":[{"embeddable":true,"href":"https:\/\/firstnationsdrinkingwater.thedev.ca\/fr\/wp-json\/wp\/v2\/comments?post=5876"}],"version-history":[{"count":81,"href":"https:\/\/firstnationsdrinkingwater.thedev.ca\/fr\/wp-json\/wp\/v2\/pages\/5876\/revisions"}],"predecessor-version":[{"id":10491,"href":"https:\/\/firstnationsdrinkingwater.thedev.ca\/fr\/wp-json\/wp\/v2\/pages\/5876\/revisions\/10491"}],"wp:attachment":[{"href":"https:\/\/firstnationsdrinkingwater.thedev.ca\/fr\/wp-json\/wp\/v2\/media?parent=5876"}],"wp:term":[{"taxonomy":"wf_page_folders","embeddable":true,"href":"https:\/\/firstnationsdrinkingwater.thedev.ca\/fr\/wp-json\/wp\/v2\/wf_page_folders?post=5876"}],"curies":[{"name":"wp","href":"https:\/\/api.w.org\/{rel}","templated":true}]}}