{"id":6970,"date":"2022-12-20T16:03:57","date_gmt":"2022-12-20T16:03:57","guid":{"rendered":"https:\/\/firstnationsdrinkingwater.ca\/?page_id=6970"},"modified":"2023-11-17T21:42:27","modified_gmt":"2023-11-17T21:42:27","slug":"guide-interactif","status":"publish","type":"page","link":"https:\/\/firstnationsdrinkingwater.thedev.ca\/fr\/guide-interactif\/","title":{"rendered":"Guide interactif"},"content":{"rendered":"<p><div class=\"fusion-fullwidth fullwidth-box fusion-builder-row-1 fusion-flex-container nonhundred-percent-fullwidth non-hundred-percent-height-scrolling\" style=\"--awb-border-radius-top-left:0px;--awb-border-radius-top-right:0px;--awb-border-radius-bottom-right:0px;--awb-border-radius-bottom-left:0px;--awb-background-color:#f2faff;--awb-flex-wrap:wrap;\" ><div class=\"fusion-builder-row fusion-row fusion-flex-align-items-flex-start fusion-flex-content-wrap\" style=\"max-width:1331.2px;margin-left: calc(-4% \/ 2 );margin-right: calc(-4% \/ 2 );\"><div class=\"fusion-layout-column fusion_builder_column fusion-builder-column-0 fusion_builder_column_1_1 1_1 fusion-flex-column\" style=\"--awb-bg-size:cover;--awb-width-large:100%;--awb-margin-top-large:0px;--awb-spacing-right-large:1.92%;--awb-margin-bottom-large:20px;--awb-spacing-left-large:1.92%;--awb-width-medium:100%;--awb-order-medium:0;--awb-spacing-right-medium:1.92%;--awb-spacing-left-medium:1.92%;--awb-width-small:100%;--awb-order-small:0;--awb-spacing-right-small:1.92%;--awb-spacing-left-small:1.92%;\"><div class=\"fusion-column-wrapper fusion-column-has-shadow fusion-flex-justify-content-flex-start fusion-content-layout-column\"><div class=\"fusion-title title fusion-title-1 fusion-sep-none fusion-title-text fusion-title-size-one\"><h1 class=\"fusion-title-heading title-heading-left fusion-responsive-typography-calculated\" style=\"margin:0;--fontSize:72;line-height:1.17;\"><h1>Guide interactif<\/h1><\/h1><\/div><\/div><\/div><\/div><\/div><div class=\"fusion-fullwidth fullwidth-box fusion-builder-row-2 fusion-flex-container nonhundred-percent-fullwidth non-hundred-percent-height-scrolling\" style=\"--awb-border-radius-top-left:0px;--awb-border-radius-top-right:0px;--awb-border-radius-bottom-right:0px;--awb-border-radius-bottom-left:0px;--awb-flex-wrap:wrap;\" ><div class=\"fusion-builder-row fusion-row fusion-flex-align-items-flex-start fusion-flex-content-wrap\" style=\"max-width:1331.2px;margin-left: calc(-4% \/ 2 );margin-right: calc(-4% \/ 2 );\"><div class=\"fusion-layout-column fusion_builder_column fusion-builder-column-1 fusion_builder_column_1_1 1_1 fusion-flex-column\" style=\"--awb-bg-size:cover;--awb-width-large:100%;--awb-margin-top-large:0px;--awb-spacing-right-large:1.92%;--awb-margin-bottom-large:20px;--awb-spacing-left-large:1.92%;--awb-width-medium:100%;--awb-order-medium:0;--awb-spacing-right-medium:1.92%;--awb-spacing-left-medium:1.92%;--awb-width-small:100%;--awb-order-small:0;--awb-spacing-right-small:1.92%;--awb-spacing-left-small:1.92%;\"><div class=\"fusion-column-wrapper fusion-column-has-shadow fusion-flex-justify-content-flex-start fusion-content-layout-column\"><nav class=\"fusion-breadcrumbs fusion-breadcrumbs-1\" style=\"--awb-margin-top:30px;--awb-breadcrumb-sep:&#039;&gt;&#039;;\" aria-label=\"Breadcrumb\"><ol class=\"awb-breadcrumb-list\"><\/ol><\/nav><\/div><\/div><\/div><\/div><div class=\"fusion-fullwidth fullwidth-box fusion-builder-row-3 fusion-flex-container bg_image_container nonhundred-percent-fullwidth non-hundred-percent-height-scrolling fusion-custom-z-index\" style=\"--awb-border-radius-top-left:0px;--awb-border-radius-top-right:0px;--awb-border-radius-bottom-right:0px;--awb-border-radius-bottom-left:0px;--awb-z-index:0;--awb-flex-wrap:wrap;\" ><div class=\"fusion-builder-row fusion-row fusion-flex-align-items-flex-start fusion-flex-content-wrap\" style=\"max-width:1331.2px;margin-left: calc(-4% \/ 2 );margin-right: calc(-4% \/ 2 );\"><div class=\"fusion-layout-column fusion_builder_column fusion-builder-column-2 fusion_builder_column_1_1 1_1 fusion-flex-column\" style=\"--awb-bg-size:cover;--awb-width-large:100%;--awb-margin-top-large:0px;--awb-spacing-right-large:1.92%;--awb-margin-bottom-large:20px;--awb-spacing-left-large:1.92%;--awb-width-medium:100%;--awb-order-medium:0;--awb-spacing-right-medium:1.92%;--awb-spacing-left-medium:1.92%;--awb-width-small:100%;--awb-order-small:0;--awb-spacing-right-small:1.92%;--awb-spacing-left-small:1.92%;\"><div class=\"fusion-column-wrapper fusion-column-has-shadow fusion-flex-justify-content-flex-start fusion-content-layout-column\"><div class=\"fusion-image-element \" style=\"--awb-caption-title-font-family:var(--h2_typography-font-family);--awb-caption-title-font-weight:var(--h2_typography-font-weight);--awb-caption-title-font-style:var(--h2_typography-font-style);--awb-caption-title-size:var(--h2_typography-font-size);--awb-caption-title-transform:var(--h2_typography-text-transform);--awb-caption-title-line-height:var(--h2_typography-line-height);--awb-caption-title-letter-spacing:var(--h2_typography-letter-spacing);\"><span class=\" fusion-imageframe imageframe-none imageframe-1 hover-type-none\"><img decoding=\"async\" width=\"739\" height=\"739\" src=\"https:\/\/firstnationsdrinkingwater.thedev.ca\/wp-content\/uploads\/2022\/02\/Group-1082@2x.png\" data-orig-src=\"https:\/\/firstnationsdrinkingwater.thedev.ca\/wp-content\/uploads\/2022\/02\/Group-1082@2x.png\" alt class=\"lazyload img-responsive wp-image-3339\" srcset=\"data:image\/svg+xml,%3Csvg%20xmlns%3D%27http%3A%2F%2Fwww.w3.org%2F2000%2Fsvg%27%20width%3D%27739%27%20height%3D%27739%27%20viewBox%3D%270%200%20739%20739%27%3E%3Crect%20width%3D%27739%27%20height%3D%27739%27%20fill-opacity%3D%220%22%2F%3E%3C%2Fsvg%3E\" data-srcset=\"https:\/\/firstnationsdrinkingwater.thedev.ca\/wp-content\/uploads\/2022\/02\/Group-1082@2x-200x200.png 200w, https:\/\/firstnationsdrinkingwater.thedev.ca\/wp-content\/uploads\/2022\/02\/Group-1082@2x-400x400.png 400w, https:\/\/firstnationsdrinkingwater.thedev.ca\/wp-content\/uploads\/2022\/02\/Group-1082@2x-600x600.png 600w, https:\/\/firstnationsdrinkingwater.thedev.ca\/wp-content\/uploads\/2022\/02\/Group-1082@2x.png 739w\" data-sizes=\"auto\" data-orig-sizes=\"(max-width: 650px) 100vw, 739px\" \/><\/span><\/div><\/div><\/div><\/div><\/div><div class=\"fusion-fullwidth fullwidth-box fusion-builder-row-4 fusion-flex-container nonhundred-percent-fullwidth non-hundred-percent-height-scrolling\" style=\"--awb-border-radius-top-left:0px;--awb-border-radius-top-right:0px;--awb-border-radius-bottom-right:0px;--awb-border-radius-bottom-left:0px;--awb-flex-wrap:wrap;\" ><div class=\"fusion-builder-row fusion-row fusion-flex-align-items-flex-start fusion-flex-content-wrap\" style=\"max-width:1331.2px;margin-left: calc(-4% \/ 2 );margin-right: calc(-4% \/ 2 );\"><div class=\"fusion-layout-column fusion_builder_column fusion-builder-column-3 fusion_builder_column_1_1 1_1 fusion-flex-column\" style=\"--awb-bg-size:cover;--awb-width-large:100%;--awb-margin-top-large:0px;--awb-spacing-right-large:1.92%;--awb-margin-bottom-large:20px;--awb-spacing-left-large:1.92%;--awb-width-medium:100%;--awb-order-medium:0;--awb-spacing-right-medium:1.92%;--awb-spacing-left-medium:1.92%;--awb-width-small:100%;--awb-order-small:0;--awb-spacing-right-small:1.92%;--awb-spacing-left-small:1.92%;\"><div class=\"fusion-column-wrapper fusion-column-has-shadow fusion-flex-justify-content-flex-start fusion-content-layout-column\"><div class=\"fusion-image-element \" style=\"text-align:center;--awb-margin-bottom:50px;--awb-max-width:250px;--awb-caption-title-font-family:var(--h2_typography-font-family);--awb-caption-title-font-weight:var(--h2_typography-font-weight);--awb-caption-title-font-style:var(--h2_typography-font-style);--awb-caption-title-size:var(--h2_typography-font-size);--awb-caption-title-transform:var(--h2_typography-text-transform);--awb-caption-title-line-height:var(--h2_typography-line-height);--awb-caption-title-letter-spacing:var(--h2_typography-letter-spacing);\"><span class=\" fusion-imageframe imageframe-none imageframe-2 hover-type-none\"><img decoding=\"async\" width=\"445\" height=\"93\" src=\"https:\/\/firstnationsdrinkingwater.thedev.ca\/wp-content\/uploads\/2022\/02\/Ripples-line-h1.png\" data-orig-src=\"https:\/\/firstnationsdrinkingwater.thedev.ca\/wp-content\/uploads\/2022\/02\/Ripples-line-h1.png\" alt class=\"lazyload img-responsive wp-image-3783\" srcset=\"data:image\/svg+xml,%3Csvg%20xmlns%3D%27http%3A%2F%2Fwww.w3.org%2F2000%2Fsvg%27%20width%3D%27445%27%20height%3D%2793%27%20viewBox%3D%270%200%20445%2093%27%3E%3Crect%20width%3D%27445%27%20height%3D%2793%27%20fill-opacity%3D%220%22%2F%3E%3C%2Fsvg%3E\" data-srcset=\"https:\/\/firstnationsdrinkingwater.thedev.ca\/wp-content\/uploads\/2022\/02\/Ripples-line-h1-200x42.png 200w, https:\/\/firstnationsdrinkingwater.thedev.ca\/wp-content\/uploads\/2022\/02\/Ripples-line-h1-400x84.png 400w, https:\/\/firstnationsdrinkingwater.thedev.ca\/wp-content\/uploads\/2022\/02\/Ripples-line-h1.png 445w\" data-sizes=\"auto\" data-orig-sizes=\"(max-width: 650px) 100vw, 445px\" \/><\/span><\/div><div class=\"fusion-text fusion-text-1\" style=\"--awb-font-size:26px;--awb-text-transform:none;\"><p><span data-contrast=\"auto\">Utilisez ces guides interactifs pour parcourir les diff\u00e9rents formulaires de r\u00e9clamation \u00e0 votre propre rythme. Ils sont plus faciles que vous ne le pensez :<\/span><\/p>\n<\/div><div class=\"fusion-text fusion-text-2\" style=\"--awb-text-transform:none;\"><h3><span data-contrast=\"auto\">Formulaire de r\u00e9clamation individuelle (y compris les r\u00e9clamations pour blessures sp\u00e9cifi\u00e9es)<\/span><\/h3>\n<\/div><div class=\"fusion-builder-row fusion-builder-row-inner fusion-row fusion-flex-align-items-flex-start fusion-flex-content-wrap\" style=\"width:104% !important;max-width:104% !important;margin-left: calc(-4% \/ 2 );margin-right: calc(-4% \/ 2 );\"><div class=\"fusion-layout-column fusion_builder_column_inner fusion-builder-nested-column-0 fusion_builder_column_inner_1_3 1_3 fusion-flex-column\" style=\"--awb-bg-size:cover;--awb-width-large:33.333333333333%;--awb-margin-top-large:0px;--awb-spacing-right-large:5.76%;--awb-margin-bottom-large:20px;--awb-spacing-left-large:5.76%;--awb-width-medium:33.333333333333%;--awb-order-medium:0;--awb-spacing-right-medium:5.76%;--awb-spacing-left-medium:5.76%;--awb-width-small:100%;--awb-order-small:0;--awb-spacing-right-small:1.92%;--awb-spacing-left-small:1.92%;\"><div class=\"fusion-column-wrapper fusion-column-has-shadow fusion-flex-justify-content-flex-start fusion-content-layout-column\"><div class=\"fusion-image-element \" style=\"--awb-max-width:400px;--awb-caption-title-font-family:var(--h2_typography-font-family);--awb-caption-title-font-weight:var(--h2_typography-font-weight);--awb-caption-title-font-style:var(--h2_typography-font-style);--awb-caption-title-size:var(--h2_typography-font-size);--awb-caption-title-transform:var(--h2_typography-text-transform);--awb-caption-title-line-height:var(--h2_typography-line-height);--awb-caption-title-letter-spacing:var(--h2_typography-letter-spacing);\"><span class=\" fusion-imageframe imageframe-none imageframe-3 hover-type-none\" style=\"border:1px solid #e2e2e2;\"><img decoding=\"async\" width=\"400\" height=\"191\" alt=\"Individual Claim Form Interactive Guide\" title=\"Screen Shot 2022-11-11 at 8.21.13 AM\" src=\"https:\/\/firstnationsdrinkingwater.thedev.ca\/wp-content\/uploads\/2022\/11\/Screen-Shot-2022-11-11-at-8.21.13-AM-1.png\" data-orig-src=\"https:\/\/firstnationsdrinkingwater.thedev.ca\/wp-content\/uploads\/2022\/11\/Screen-Shot-2022-11-11-at-8.21.13-AM-1-400x191.png\" class=\"lazyload img-responsive wp-image-7006\" srcset=\"data:image\/svg+xml,%3Csvg%20xmlns%3D%27http%3A%2F%2Fwww.w3.org%2F2000%2Fsvg%27%20width%3D%27988%27%20height%3D%27472%27%20viewBox%3D%270%200%20988%20472%27%3E%3Crect%20width%3D%27988%27%20height%3D%27472%27%20fill-opacity%3D%220%22%2F%3E%3C%2Fsvg%3E\" data-srcset=\"https:\/\/firstnationsdrinkingwater.thedev.ca\/wp-content\/uploads\/2022\/11\/Screen-Shot-2022-11-11-at-8.21.13-AM-1-200x96.png 200w, https:\/\/firstnationsdrinkingwater.thedev.ca\/wp-content\/uploads\/2022\/11\/Screen-Shot-2022-11-11-at-8.21.13-AM-1-400x191.png 400w, https:\/\/firstnationsdrinkingwater.thedev.ca\/wp-content\/uploads\/2022\/11\/Screen-Shot-2022-11-11-at-8.21.13-AM-1-600x287.png 600w, https:\/\/firstnationsdrinkingwater.thedev.ca\/wp-content\/uploads\/2022\/11\/Screen-Shot-2022-11-11-at-8.21.13-AM-1-800x382.png 800w, https:\/\/firstnationsdrinkingwater.thedev.ca\/wp-content\/uploads\/2022\/11\/Screen-Shot-2022-11-11-at-8.21.13-AM-1.png 988w\" data-sizes=\"auto\" data-orig-sizes=\"(max-width: 650px) 100vw, 400px\" \/><\/span><\/div><\/div><\/div><div class=\"fusion-layout-column fusion_builder_column_inner fusion-builder-nested-column-1 fusion_builder_column_inner_2_3 2_3 fusion-flex-column\" style=\"--awb-bg-size:cover;--awb-width-large:66.666666666667%;--awb-margin-top-large:0px;--awb-spacing-right-large:2.88%;--awb-margin-bottom-large:20px;--awb-spacing-left-large:2.88%;--awb-width-medium:66.666666666667%;--awb-order-medium:0;--awb-spacing-right-medium:2.88%;--awb-spacing-left-medium:2.88%;--awb-width-small:100%;--awb-order-small:0;--awb-spacing-right-small:1.92%;--awb-spacing-left-small:1.92%;\"><div class=\"fusion-column-wrapper fusion-column-has-shadow fusion-flex-justify-content-flex-start fusion-content-layout-column\"><div class=\"fusion-text fusion-text-3\" style=\"--awb-text-transform:none;\"><p><a href=\"\/wp-content\/uploads\/articulate_uploads\/Guide-interactif-sur-comment-faire-une-demande-dindemnisation-pour-le-compte-dautrui-\/story.html\">Lancer le guide interactif<\/a>\n<\/div><\/div><\/div><\/div><div class=\"fusion-text fusion-text-4\" style=\"--awb-text-transform:none;\"><h3><span data-contrast=\"auto\">Formulaire de r\u00e9clamation du repr\u00e9sentant (y compris les r\u00e9clamations pour blessures sp\u00e9cifi\u00e9es) <\/span><\/h3>\n<\/div><div class=\"fusion-builder-row fusion-builder-row-inner fusion-row fusion-flex-align-items-flex-start fusion-flex-content-wrap\" style=\"width:104% !important;max-width:104% !important;margin-left: calc(-4% \/ 2 );margin-right: calc(-4% \/ 2 );\"><div class=\"fusion-layout-column fusion_builder_column_inner fusion-builder-nested-column-2 fusion_builder_column_inner_1_3 1_3 fusion-flex-column\" style=\"--awb-bg-size:cover;--awb-width-large:33.333333333333%;--awb-margin-top-large:0px;--awb-spacing-right-large:5.76%;--awb-margin-bottom-large:20px;--awb-spacing-left-large:5.76%;--awb-width-medium:33.333333333333%;--awb-order-medium:0;--awb-spacing-right-medium:5.76%;--awb-spacing-left-medium:5.76%;--awb-width-small:100%;--awb-order-small:0;--awb-spacing-right-small:1.92%;--awb-spacing-left-small:1.92%;\"><div class=\"fusion-column-wrapper fusion-column-has-shadow fusion-flex-justify-content-flex-start fusion-content-layout-column\"><div class=\"fusion-image-element \" style=\"--awb-caption-title-font-family:var(--h2_typography-font-family);--awb-caption-title-font-weight:var(--h2_typography-font-weight);--awb-caption-title-font-style:var(--h2_typography-font-style);--awb-caption-title-size:var(--h2_typography-font-size);--awb-caption-title-transform:var(--h2_typography-text-transform);--awb-caption-title-line-height:var(--h2_typography-line-height);--awb-caption-title-letter-spacing:var(--h2_typography-letter-spacing);\"><span class=\" fusion-imageframe imageframe-none imageframe-4 hover-type-none\" style=\"border:1px solid #e2e2e2;\"><img decoding=\"async\" width=\"400\" height=\"215\" alt=\"Applying on behalf of others - interactive guide launch screen\" title=\"Applying-behalf-others-eng-th\" src=\"https:\/\/firstnationsdrinkingwater.thedev.ca\/wp-content\/uploads\/2023\/01\/Applying-behalf-others-eng-th.png\" data-orig-src=\"https:\/\/firstnationsdrinkingwater.thedev.ca\/wp-content\/uploads\/2023\/01\/Applying-behalf-others-eng-th-400x215.png\" class=\"lazyload img-responsive wp-image-7319\" srcset=\"data:image\/svg+xml,%3Csvg%20xmlns%3D%27http%3A%2F%2Fwww.w3.org%2F2000%2Fsvg%27%20width%3D%271588%27%20height%3D%27852%27%20viewBox%3D%270%200%201588%20852%27%3E%3Crect%20width%3D%271588%27%20height%3D%27852%27%20fill-opacity%3D%220%22%2F%3E%3C%2Fsvg%3E\" data-srcset=\"https:\/\/firstnationsdrinkingwater.thedev.ca\/wp-content\/uploads\/2023\/01\/Applying-behalf-others-eng-th-200x107.png 200w, https:\/\/firstnationsdrinkingwater.thedev.ca\/wp-content\/uploads\/2023\/01\/Applying-behalf-others-eng-th-400x215.png 400w, https:\/\/firstnationsdrinkingwater.thedev.ca\/wp-content\/uploads\/2023\/01\/Applying-behalf-others-eng-th-600x322.png 600w, https:\/\/firstnationsdrinkingwater.thedev.ca\/wp-content\/uploads\/2023\/01\/Applying-behalf-others-eng-th-800x429.png 800w, https:\/\/firstnationsdrinkingwater.thedev.ca\/wp-content\/uploads\/2023\/01\/Applying-behalf-others-eng-th-1200x644.png 1200w, https:\/\/firstnationsdrinkingwater.thedev.ca\/wp-content\/uploads\/2023\/01\/Applying-behalf-others-eng-th.png 1588w\" data-sizes=\"auto\" data-orig-sizes=\"(max-width: 650px) 100vw, 400px\" \/><\/span><\/div><\/div><\/div><div class=\"fusion-layout-column fusion_builder_column_inner fusion-builder-nested-column-3 fusion_builder_column_inner_2_3 2_3 fusion-flex-column\" style=\"--awb-bg-size:cover;--awb-width-large:66.666666666667%;--awb-margin-top-large:0px;--awb-spacing-right-large:2.88%;--awb-margin-bottom-large:20px;--awb-spacing-left-large:2.88%;--awb-width-medium:66.666666666667%;--awb-order-medium:0;--awb-spacing-right-medium:2.88%;--awb-spacing-left-medium:2.88%;--awb-width-small:100%;--awb-order-small:0;--awb-spacing-right-small:1.92%;--awb-spacing-left-small:1.92%;\"><div class=\"fusion-column-wrapper fusion-column-has-shadow fusion-flex-justify-content-flex-start fusion-content-layout-column\"><div class=\"fusion-text fusion-text-5\" style=\"--awb-text-transform:none;\"><p><a target=\"_blank\" href=\"\/wp-content\/uploads\/articulate_uploads\/Guide-interactif-destine-aux-membres-individuels-du-groupe\/story.html\">Lancer le guide interactif<\/a>\n<\/div><\/div><\/div><\/div><\/div><\/div><\/div><\/div><\/p>\n","protected":false},"excerpt":{"rendered":"","protected":false},"author":3,"featured_media":0,"parent":0,"menu_order":0,"comment_status":"closed","ping_status":"closed","template":"100-width.php","meta":{"inline_featured_image":false,"footnotes":"","_links_to":"","_links_to_target":""},"wf_page_folders":[],"class_list":["post-6970","page","type-page","status-publish","hentry"],"_links":{"self":[{"href":"https:\/\/firstnationsdrinkingwater.thedev.ca\/fr\/wp-json\/wp\/v2\/pages\/6970","targetHints":{"allow":["GET"]}}],"collection":[{"href":"https:\/\/firstnationsdrinkingwater.thedev.ca\/fr\/wp-json\/wp\/v2\/pages"}],"about":[{"href":"https:\/\/firstnationsdrinkingwater.thedev.ca\/fr\/wp-json\/wp\/v2\/types\/page"}],"author":[{"embeddable":true,"href":"https:\/\/firstnationsdrinkingwater.thedev.ca\/fr\/wp-json\/wp\/v2\/users\/3"}],"replies":[{"embeddable":true,"href":"https:\/\/firstnationsdrinkingwater.thedev.ca\/fr\/wp-json\/wp\/v2\/comments?post=6970"}],"version-history":[{"count":39,"href":"https:\/\/firstnationsdrinkingwater.thedev.ca\/fr\/wp-json\/wp\/v2\/pages\/6970\/revisions"}],"predecessor-version":[{"id":8764,"href":"https:\/\/firstnationsdrinkingwater.thedev.ca\/fr\/wp-json\/wp\/v2\/pages\/6970\/revisions\/8764"}],"wp:attachment":[{"href":"https:\/\/firstnationsdrinkingwater.thedev.ca\/fr\/wp-json\/wp\/v2\/media?parent=6970"}],"wp:term":[{"taxonomy":"wf_page_folders","embeddable":true,"href":"https:\/\/firstnationsdrinkingwater.thedev.ca\/fr\/wp-json\/wp\/v2\/wf_page_folders?post=6970"}],"curies":[{"name":"wp","href":"https:\/\/api.w.org\/{rel}","templated":true}]}}